{"id":2318,"date":"2021-06-25T14:29:36","date_gmt":"2021-06-25T14:29:36","guid":{"rendered":"https:\/\/wgl-demo.net\/transmax\/?page_id=2318"},"modified":"2025-05-15T01:04:42","modified_gmt":"2025-05-14T23:04:42","slug":"services","status":"publish","type":"page","link":"https:\/\/panamaline.net\/es\/services\/","title":{"rendered":"Servicios"},"content":{"rendered":"<div data-elementor-type=\"wp-page\" data-elementor-id=\"2318\" class=\"elementor elementor-2318\" data-elementor-post-type=\"page\">\n\t\t\t\t\t\t<section class=\"elementor-section elementor-top-section elementor-element elementor-element-8ebd780 elementor-section-boxed elementor-section-height-default elementor-section-height-default\" data-id=\"8ebd780\" data-element_type=\"section\">\n\t\t\t\t\t\t<div class=\"elementor-container elementor-column-gap-default\">\n\t\t\t\t\t<div class=\"elementor-column elementor-col-100 elementor-top-column elementor-element elementor-element-587c90e\" data-id=\"587c90e\" data-element_type=\"column\">\n\t\t\t<div class=\"elementor-widget-wrap elementor-element-populated\">\n\t\t\t\t\t\t<div class=\"elementor-element elementor-element-97301c8 acenter divider_yes elementor-widget elementor-widget-wgl-double-heading\" data-id=\"97301c8\" data-element_type=\"widget\" data-widget_type=\"wgl-double-heading.default\">\n\t\t\t\t<div class=\"elementor-widget-container\">\n\t\t\t\t\t<div class=\"wgl-double-heading\"><h3 class=\"dblh__title-wrapper\"><span class=\"dblh__divider\"><\/span><span class=\"dblh__title dblh__title-1\">Plan de Servicios de <\/span><span class=\"dblh__title dblh__title-2\">Log\u00edstica y Almacenamiento en Bodega<\/span><\/h3><\/div>\t\t\t\t<\/div>\n\t\t\t\t<\/div>\n\t\t\t\t<div class=\"elementor-element elementor-element-9025f6b elementor-widget__width-initial elementor-widget elementor-widget-text-editor\" data-id=\"9025f6b\" data-element_type=\"widget\" data-widget_type=\"text-editor.default\">\n\t\t\t\t<div class=\"elementor-widget-container\">\n\t\t\t\t\t\t\t\t\t<p>Ofrecemos un servicio log\u00edstico completo que incluye:<\/p>\t\t\t\t\t\t\t\t<\/div>\n\t\t\t\t<\/div>\n\t\t\t\t<div class=\"elementor-element elementor-element-b2312c3 elementor-widget elementor-widget-spacer\" data-id=\"b2312c3\" data-element_type=\"widget\" data-widget_type=\"spacer.default\">\n\t\t\t\t<div class=\"elementor-widget-container\">\n\t\t\t\t\t\t\t<div class=\"elementor-spacer\">\n\t\t\t<div class=\"elementor-spacer-inner\"><\/div>\n\t\t<\/div>\n\t\t\t\t\t\t<\/div>\n\t\t\t\t<\/div>\n\t\t\t\t\t<\/div>\n\t\t<\/div>\n\t\t\t\t\t<\/div>\n\t\t<\/section>\n\t\t\t\t<section class=\"elementor-section elementor-top-section elementor-element elementor-element-3406112 elementor-section-boxed elementor-section-height-default elementor-section-height-default\" data-id=\"3406112\" data-element_type=\"section\">\n\t\t\t\t\t\t<div class=\"elementor-container elementor-column-gap-default\">\n\t\t\t\t\t<div class=\"elementor-column elementor-col-33 elementor-top-column elementor-element elementor-element-a4ad52e\" data-id=\"a4ad52e\" data-element_type=\"column\">\n\t\t\t<div class=\"elementor-widget-wrap elementor-element-populated\">\n\t\t\t\t\t\t<div class=\"elementor-element elementor-element-2015576 aleft elementor-widget-image-box wgl-image-box elementor-widget elementor-widget-wgl-info-box\" data-id=\"2015576\" data-element_type=\"widget\" data-widget_type=\"wgl-info-box.default\">\n\t\t\t\t<div class=\"elementor-widget-container\">\n\t\t\t\t\t<div class=\"wgl-infobox\"><div class=\"wgl-infobox_wrapper wgl-layout-top\"><div class=\"media-wrapper img-wrapper\"><figure class=\"wgl-image-box_img\"><span ><img fetchpriority=\"high\" decoding=\"async\" width=\"680\" height=\"860\" src=\"https:\/\/panamaline.net\/wp-content\/uploads\/2021\/06\/service_1.jpg\" class=\"attachment-full size-full wp-image-1408\" alt=\"\" srcset=\"https:\/\/panamaline.net\/wp-content\/uploads\/2021\/06\/service_1.jpg 680w, https:\/\/panamaline.net\/wp-content\/uploads\/2021\/06\/service_1-237x300.jpg 237w\" sizes=\"(max-width: 680px) 100vw, 680px\" \/><\/span><\/figure><\/div><div class=\"content_wrapper\"><div class=\"wgl-infobox-title_wrapper\"><h3 class=\"wgl-infobox_title\"><span class=\"wgl-infobox_title-idle\">Transporte de Contenedores<\/span><\/h3><\/div><div class=\"wgl-infobox_content\"><p>Traslado de contenedores importados al almac\u00e9n para su descarga y devoluci\u00f3n de los contenedores vac\u00edos al puerto. Para exportaciones, recolecci\u00f3n de contenedores vac\u00edos para ser cargados y posterior entrega de los contenedores llenos al puerto.<\/p><\/div><\/div><\/div><\/div>\t\t\t\t<\/div>\n\t\t\t\t<\/div>\n\t\t\t\t\t<\/div>\n\t\t<\/div>\n\t\t\t\t<div class=\"elementor-column elementor-col-33 elementor-top-column elementor-element elementor-element-b14c746\" data-id=\"b14c746\" data-element_type=\"column\">\n\t\t\t<div class=\"elementor-widget-wrap elementor-element-populated\">\n\t\t\t\t\t\t<div class=\"elementor-element elementor-element-e91c68f aleft elementor-widget-image-box wgl-image-box elementor-widget elementor-widget-wgl-info-box\" data-id=\"e91c68f\" data-element_type=\"widget\" data-widget_type=\"wgl-info-box.default\">\n\t\t\t\t<div class=\"elementor-widget-container\">\n\t\t\t\t\t<div class=\"wgl-infobox\"><div class=\"wgl-infobox_wrapper wgl-layout-top\"><div class=\"media-wrapper img-wrapper\"><figure class=\"wgl-image-box_img\"><span ><img decoding=\"async\" width=\"680\" height=\"860\" src=\"https:\/\/panamaline.net\/wp-content\/uploads\/2021\/06\/service_2.jpg\" class=\"attachment-full size-full wp-image-1409\" alt=\"\" srcset=\"https:\/\/panamaline.net\/wp-content\/uploads\/2021\/06\/service_2.jpg 680w, https:\/\/panamaline.net\/wp-content\/uploads\/2021\/06\/service_2-237x300.jpg 237w\" sizes=\"(max-width: 680px) 100vw, 680px\" \/><\/span><\/figure><\/div><div class=\"content_wrapper\"><div class=\"wgl-infobox-title_wrapper\"><h3 class=\"wgl-infobox_title\"><span class=\"wgl-infobox_title-idle\">Descarga y Almacenamiento de Mercanc\u00eda<\/span><\/h3><\/div><div class=\"wgl-infobox_content\"><p>Recepci\u00f3n y almacenamiento de carga importada en el almac\u00e9n bajo controles establecidos con el cliente.<\/p><\/div><\/div><\/div><\/div>\t\t\t\t<\/div>\n\t\t\t\t<\/div>\n\t\t\t\t\t<\/div>\n\t\t<\/div>\n\t\t\t\t<div class=\"elementor-column elementor-col-33 elementor-top-column elementor-element elementor-element-d4746f1\" data-id=\"d4746f1\" data-element_type=\"column\">\n\t\t\t<div class=\"elementor-widget-wrap elementor-element-populated\">\n\t\t\t\t\t\t<div class=\"elementor-element elementor-element-37a1121 aleft elementor-widget-image-box wgl-image-box elementor-widget elementor-widget-wgl-info-box\" data-id=\"37a1121\" data-element_type=\"widget\" data-widget_type=\"wgl-info-box.default\">\n\t\t\t\t<div class=\"elementor-widget-container\">\n\t\t\t\t\t<div class=\"wgl-infobox\"><div class=\"wgl-infobox_wrapper wgl-layout-top\"><div class=\"media-wrapper img-wrapper\"><figure class=\"wgl-image-box_img\"><span ><img decoding=\"async\" width=\"680\" height=\"860\" src=\"https:\/\/panamaline.net\/wp-content\/uploads\/2021\/06\/service_3.jpg\" class=\"attachment-full size-full wp-image-1410\" alt=\"\" srcset=\"https:\/\/panamaline.net\/wp-content\/uploads\/2021\/06\/service_3.jpg 680w, https:\/\/panamaline.net\/wp-content\/uploads\/2021\/06\/service_3-237x300.jpg 237w\" sizes=\"(max-width: 680px) 100vw, 680px\" \/><\/span><\/figure><\/div><div class=\"content_wrapper\"><div class=\"wgl-infobox-title_wrapper\"><h3 class=\"wgl-infobox_title\"><span class=\"wgl-infobox_title-idle\">Control de Inventario y Despacho<\/span><\/h3><\/div><div class=\"wgl-infobox_content\"><p>Mantener el control de la mercanc\u00eda que ingresa al almac\u00e9n, revisando, contando e inventariando por referencia, y luego despachando seg\u00fan las \u00f3rdenes de la oficina y del departamento de ventas.<\/p><\/div><\/div><\/div><\/div>\t\t\t\t<\/div>\n\t\t\t\t<\/div>\n\t\t\t\t\t<\/div>\n\t\t<\/div>\n\t\t\t\t\t<\/div>\n\t\t<\/section>\n\t\t\t\t<section class=\"elementor-section elementor-top-section elementor-element elementor-element-3a15563 elementor-section-boxed elementor-section-height-default elementor-section-height-default\" data-id=\"3a15563\" data-element_type=\"section\">\n\t\t\t\t\t\t<div class=\"elementor-container elementor-column-gap-default\">\n\t\t\t\t\t<div class=\"elementor-column elementor-col-50 elementor-top-column elementor-element elementor-element-2b818ec\" data-id=\"2b818ec\" data-element_type=\"column\">\n\t\t\t<div class=\"elementor-widget-wrap elementor-element-populated\">\n\t\t\t\t\t\t<div class=\"elementor-element elementor-element-f1fad5c aleft elementor-widget-image-box wgl-image-box elementor-widget elementor-widget-wgl-info-box\" data-id=\"f1fad5c\" data-element_type=\"widget\" data-widget_type=\"wgl-info-box.default\">\n\t\t\t\t<div class=\"elementor-widget-container\">\n\t\t\t\t\t<div class=\"wgl-infobox\"><div class=\"wgl-infobox_wrapper wgl-layout-top\"><div class=\"media-wrapper img-wrapper\"><figure class=\"wgl-image-box_img\"><span ><img fetchpriority=\"high\" decoding=\"async\" width=\"680\" height=\"860\" src=\"https:\/\/panamaline.net\/wp-content\/uploads\/2021\/06\/service_1.jpg\" class=\"attachment-full size-full wp-image-1408\" alt=\"\" srcset=\"https:\/\/panamaline.net\/wp-content\/uploads\/2021\/06\/service_1.jpg 680w, https:\/\/panamaline.net\/wp-content\/uploads\/2021\/06\/service_1-237x300.jpg 237w\" sizes=\"(max-width: 680px) 100vw, 680px\" \/><\/span><\/figure><\/div><div class=\"content_wrapper\"><div class=\"wgl-infobox-title_wrapper\"><h3 class=\"wgl-infobox_title\"><span class=\"wgl-infobox_title-idle\">Entrega de Carga dentro de la Zona Libre<\/span><\/h3><\/div><div class=\"wgl-infobox_content\"><p>Contamos con una flota de camiones que van desde 16 hasta 26 pies, as\u00ed como con remolques de 40', 45', 48' y 53 pies, para la entrega de mercanc\u00eda a los clientes dentro de la Zona Libre.<\/p><\/div><\/div><\/div><\/div>\t\t\t\t<\/div>\n\t\t\t\t<\/div>\n\t\t\t\t\t<\/div>\n\t\t<\/div>\n\t\t\t\t<div class=\"elementor-column elementor-col-50 elementor-top-column elementor-element elementor-element-03a0a5b\" data-id=\"03a0a5b\" data-element_type=\"column\">\n\t\t\t<div class=\"elementor-widget-wrap elementor-element-populated\">\n\t\t\t\t\t\t<div class=\"elementor-element elementor-element-f22e9c0 aleft elementor-widget-image-box wgl-image-box elementor-widget elementor-widget-wgl-info-box\" data-id=\"f22e9c0\" data-element_type=\"widget\" data-widget_type=\"wgl-info-box.default\">\n\t\t\t\t<div class=\"elementor-widget-container\">\n\t\t\t\t\t<div class=\"wgl-infobox\"><div class=\"wgl-infobox_wrapper wgl-layout-top\"><div class=\"media-wrapper img-wrapper\"><figure class=\"wgl-image-box_img\"><span ><img decoding=\"async\" width=\"680\" height=\"860\" src=\"https:\/\/panamaline.net\/wp-content\/uploads\/2021\/06\/service_2.jpg\" class=\"attachment-full size-full wp-image-1409\" alt=\"\" srcset=\"https:\/\/panamaline.net\/wp-content\/uploads\/2021\/06\/service_2.jpg 680w, https:\/\/panamaline.net\/wp-content\/uploads\/2021\/06\/service_2-237x300.jpg 237w\" sizes=\"(max-width: 680px) 100vw, 680px\" \/><\/span><\/figure><\/div><div class=\"content_wrapper\"><div class=\"wgl-infobox-title_wrapper\"><h3 class=\"wgl-infobox_title\"><span class=\"wgl-infobox_title-idle\">Preparaci\u00f3n de Documentos de Entrada, Transferencia y Salida<\/span><\/h3><\/div><div class=\"wgl-infobox_content\"><p>Brindamos el servicio de preparaci\u00f3n de toda la documentaci\u00f3n necesaria para el movimiento de carga dentro de la Zona Libre, as\u00ed como para su importaci\u00f3n y exportaci\u00f3n.<\/p><p>Ofrecemos un servicio confiable, seguro y de primera clase para empresas que desean centrarse en el marketing y la venta de sus productos sin la dif\u00edcil tarea de gestionar sus inventarios. Esto les brinda m\u00e1s tiempo para aumentar sus ingresos a trav\u00e9s de las ventas de productos.<\/p><p>Las tarifas de servicio se adaptan a las necesidades del cliente, y van desde $10,000.00 hasta $500,000.00 mensuales.<\/p><p>Adem\u00e1s, ofrecemos condiciones de cr\u00e9dito en flete mar\u00edtimo, a\u00e9reo o terrestre de hasta 30 d\u00edas, con el objetivo de atraer m\u00e1s clientes mediante la creaci\u00f3n de una l\u00ednea de cr\u00e9dito de hasta $750,000.00 en cobros.<\/p><\/div><\/div><\/div><\/div>\t\t\t\t<\/div>\n\t\t\t\t<\/div>\n\t\t\t\t\t<\/div>\n\t\t<\/div>\n\t\t\t\t\t<\/div>\n\t\t<\/section>\n\t\t\t\t<section class=\"elementor-section elementor-top-section elementor-element elementor-element-c3bef9c elementor-section-boxed elementor-section-height-default elementor-section-height-default\" data-id=\"c3bef9c\" data-element_type=\"section\" data-settings=\"{&quot;background_background&quot;:&quot;classic&quot;}\">\n\t\t\t\t\t\t<div class=\"elementor-container elementor-column-gap-default\">\n\t\t\t\t\t<div class=\"elementor-column elementor-col-33 elementor-top-column elementor-element elementor-element-7e98778\" data-id=\"7e98778\" data-element_type=\"column\">\n\t\t\t<div class=\"elementor-widget-wrap elementor-element-populated\">\n\t\t\t\t\t\t<div class=\"elementor-element elementor-element-a0e5183 aleft a-tabletcenter a-mobilecenter elementor-widget elementor-widget-wgl-pie-chart\" data-id=\"a0e5183\" data-element_type=\"widget\" data-widget_type=\"wgl-pie-chart.default\">\n\t\t\t\t<div class=\"elementor-widget-container\">\n\t\t\t\t\t<div class=\"wgl-pie_chart\"><div class=\"chart__wrapper wgl-layout-left\"><div class=\"chart\" style=\"height: 148px;\" data-percent=\"50\" data-track-color=\"\" data-bar-color=\"#FF7D44\" data-line-width=\"6\" data-size=\"148\"><span class=\"chart__percent\">0<\/span><\/div><div class=\"chart__content content_wrapper\"><span class=\"chart__sub_title\">FELIZ<\/span><span class=\"chart__title\">Clientes<\/span><span class=\"chart__description\">Las soluciones minimizan el costo y aumentan la velocidad.<\/span><\/div><\/div><\/div>\t\t\t\t<\/div>\n\t\t\t\t<\/div>\n\t\t\t\t<div class=\"elementor-element elementor-element-b8254ac elementor-widget elementor-widget-spacer\" data-id=\"b8254ac\" data-element_type=\"widget\" data-widget_type=\"spacer.default\">\n\t\t\t\t<div class=\"elementor-widget-container\">\n\t\t\t\t\t\t\t<div class=\"elementor-spacer\">\n\t\t\t<div class=\"elementor-spacer-inner\"><\/div>\n\t\t<\/div>\n\t\t\t\t\t\t<\/div>\n\t\t\t\t<\/div>\n\t\t\t\t\t<\/div>\n\t\t<\/div>\n\t\t\t\t<div class=\"elementor-column elementor-col-33 elementor-top-column elementor-element elementor-element-85291b3\" data-id=\"85291b3\" data-element_type=\"column\">\n\t\t\t<div class=\"elementor-widget-wrap elementor-element-populated\">\n\t\t\t\t\t\t<div class=\"elementor-element elementor-element-d549f7d aleft a-tabletcenter a-mobilecenter elementor-widget elementor-widget-wgl-pie-chart\" data-id=\"d549f7d\" data-element_type=\"widget\" data-widget_type=\"wgl-pie-chart.default\">\n\t\t\t\t<div class=\"elementor-widget-container\">\n\t\t\t\t\t<div class=\"wgl-pie_chart\"><div class=\"chart__wrapper wgl-layout-left\"><div class=\"chart\" style=\"height: 148px;\" data-percent=\"70\" data-track-color=\"\" data-bar-color=\"#FF7D44\" data-line-width=\"6\" data-size=\"148\"><span class=\"chart__percent\">0<\/span><\/div><div class=\"chart__content content_wrapper\"><span class=\"chart__sub_title\">reclamaciones<\/span><span class=\"chart__title\">Completado<\/span><span class=\"chart__description\">Las soluciones minimizan el costo y aumentan la velocidad.<\/span><\/div><\/div><\/div>\t\t\t\t<\/div>\n\t\t\t\t<\/div>\n\t\t\t\t<div class=\"elementor-element elementor-element-16413c8 elementor-widget elementor-widget-spacer\" data-id=\"16413c8\" data-element_type=\"widget\" data-widget_type=\"spacer.default\">\n\t\t\t\t<div class=\"elementor-widget-container\">\n\t\t\t\t\t\t\t<div class=\"elementor-spacer\">\n\t\t\t<div class=\"elementor-spacer-inner\"><\/div>\n\t\t<\/div>\n\t\t\t\t\t\t<\/div>\n\t\t\t\t<\/div>\n\t\t\t\t\t<\/div>\n\t\t<\/div>\n\t\t\t\t<div class=\"elementor-column elementor-col-33 elementor-top-column elementor-element elementor-element-8aef8ea\" data-id=\"8aef8ea\" data-element_type=\"column\">\n\t\t\t<div class=\"elementor-widget-wrap elementor-element-populated\">\n\t\t\t\t\t\t<div class=\"elementor-element elementor-element-785cf3e aleft a-tabletcenter a-mobilecenter elementor-widget elementor-widget-wgl-pie-chart\" data-id=\"785cf3e\" data-element_type=\"widget\" data-widget_type=\"wgl-pie-chart.default\">\n\t\t\t\t<div class=\"elementor-widget-container\">\n\t\t\t\t\t<div class=\"wgl-pie_chart\"><div class=\"chart__wrapper wgl-layout-left\"><div class=\"chart\" style=\"height: 148px;\" data-percent=\"35\" data-track-color=\"\" data-bar-color=\"#FF7D44\" data-line-width=\"6\" data-size=\"148\"><span class=\"chart__percent\">0<\/span><\/div><div class=\"chart__content content_wrapper\"><span class=\"chart__sub_title\">negocios<\/span><span class=\"chart__title\">Socios<\/span><span class=\"chart__description\">Las soluciones minimizan el costo y aumentan la velocidad.<\/span><\/div><\/div><\/div>\t\t\t\t<\/div>\n\t\t\t\t<\/div>\n\t\t\t\t<div class=\"elementor-element elementor-element-c073e26 elementor-widget elementor-widget-spacer\" data-id=\"c073e26\" data-element_type=\"widget\" data-widget_type=\"spacer.default\">\n\t\t\t\t<div class=\"elementor-widget-container\">\n\t\t\t\t\t\t\t<div class=\"elementor-spacer\">\n\t\t\t<div class=\"elementor-spacer-inner\"><\/div>\n\t\t<\/div>\n\t\t\t\t\t\t<\/div>\n\t\t\t\t<\/div>\n\t\t\t\t\t<\/div>\n\t\t<\/div>\n\t\t\t\t\t<\/div>\n\t\t<\/section>\n\t\t\t\t<\/div>","protected":false},"excerpt":{"rendered":"<p>Logistics and Warehouse Storage Service Plan We offer a complete logistics service which includes: Container Hauling Bringing imported containers to the warehouse for unloading and returning the empty containers to the port. For exports, picking up empty containers to be loaded and then delivering the full containers to the port. Unloading and Storage of Merchandise [&hellip;]<\/p>","protected":false},"author":1,"featured_media":0,"parent":0,"menu_order":0,"comment_status":"closed","ping_status":"closed","template":"","meta":{"footnotes":""},"class_list":["post-2318","page","type-page","status-publish","hentry"],"_links":{"self":[{"href":"https:\/\/panamaline.net\/es\/wp-json\/wp\/v2\/pages\/2318","targetHints":{"allow":["GET"]}}],"collection":[{"href":"https:\/\/panamaline.net\/es\/wp-json\/wp\/v2\/pages"}],"about":[{"href":"https:\/\/panamaline.net\/es\/wp-json\/wp\/v2\/types\/page"}],"author":[{"embeddable":true,"href":"https:\/\/panamaline.net\/es\/wp-json\/wp\/v2\/users\/1"}],"replies":[{"embeddable":true,"href":"https:\/\/panamaline.net\/es\/wp-json\/wp\/v2\/comments?post=2318"}],"version-history":[{"count":12,"href":"https:\/\/panamaline.net\/es\/wp-json\/wp\/v2\/pages\/2318\/revisions"}],"predecessor-version":[{"id":6026,"href":"https:\/\/panamaline.net\/es\/wp-json\/wp\/v2\/pages\/2318\/revisions\/6026"}],"wp:attachment":[{"href":"https:\/\/panamaline.net\/es\/wp-json\/wp\/v2\/media?parent=2318"}],"curies":[{"name":"wp","href":"https:\/\/api.w.org\/{rel}","templated":true}]}}